{"id":19,"date":"2022-10-12T09:38:27","date_gmt":"2022-10-12T06:38:27","guid":{"rendered":"https:\/\/akzambak.com.tr\/?page_id=19"},"modified":"2022-10-12T09:55:05","modified_gmt":"2022-10-12T06:55:05","slug":"iletisim","status":"publish","type":"page","link":"https:\/\/akzambak.com.tr\/index.php\/iletisim\/","title":{"rendered":"\u0130leti\u015fim"},"content":{"rendered":"\n<p>Whatsap   05053855988<\/p>\n\n\n\n<p>akzambakciftligi@gmail.com<\/p>\n\n\n\n<p>\u0130bniselim Mah. Bademark\u0131 mevkii 37300 tosya<\/p>\n","protected":false},"excerpt":{"rendered":"<p>Whatsap 05053855988 akzambakciftligi@gmail.com \u0130bniselim Mah. Bademark\u0131 mevkii 37300 tosya<\/p>\n","protected":false},"author":2,"featured_media":8,"parent":0,"menu_order":0,"comment_status":"closed","ping_status":"closed","template":"","meta":{"footnotes":""},"class_list":["post-19","page","type-page","status-publish","has-post-thumbnail","hentry"],"yoast_head":"<!-- This site is optimized with the Yoast SEO plugin v26.2 - https:\/\/yoast.com\/wordpress\/plugins\/seo\/ -->\n<title>\u0130leti\u015fim - Akzambak<\/title>\n<meta name=\"robots\" content=\"index, follow, max-snippet:-1, max-image-preview:large, max-video-preview:-1\" \/>\n<link rel=\"canonical\" href=\"https:\/\/akzambak.com.tr\/index.php\/iletisim\/\" \/>\n<meta property=\"og:locale\" content=\"tr_TR\" \/>\n<meta property=\"og:type\" content=\"article\" \/>\n<meta property=\"og:title\" content=\"\u0130leti\u015fim - Akzambak\" \/>\n<meta property=\"og:description\" content=\"Whatsap 05053855988 akzambakciftligi@gmail.com \u0130bniselim Mah. Bademark\u0131 mevkii 37300 tosya\" \/>\n<meta property=\"og:url\" content=\"https:\/\/akzambak.com.tr\/index.php\/iletisim\/\" \/>\n<meta property=\"og:site_name\" content=\"Akzambak\" \/>\n<meta property=\"article:modified_time\" content=\"2022-10-12T06:55:05+00:00\" \/>\n<meta property=\"og:image\" content=\"https:\/\/akzambak.com.tr\/wp-content\/uploads\/2022\/10\/WhatsApp-Image-2021-08-20-at-08.27.51-2-e1665556417993.jpeg\" \/>\n\t<meta property=\"og:image:width\" content=\"1428\" \/>\n\t<meta property=\"og:image:height\" content=\"344\" \/>\n\t<meta property=\"og:image:type\" content=\"image\/jpeg\" \/>\n<meta name=\"twitter:card\" content=\"summary_large_image\" \/>\n<script type=\"application\/ld+json\" class=\"yoast-schema-graph\">{\"@context\":\"https:\/\/schema.org\",\"@graph\":[{\"@type\":\"WebPage\",\"@id\":\"https:\/\/akzambak.com.tr\/index.php\/iletisim\/\",\"url\":\"https:\/\/akzambak.com.tr\/index.php\/iletisim\/\",\"name\":\"\u0130leti\u015fim - Akzambak\",\"isPartOf\":{\"@id\":\"https:\/\/akzambak.com.tr\/#website\"},\"primaryImageOfPage\":{\"@id\":\"https:\/\/akzambak.com.tr\/index.php\/iletisim\/#primaryimage\"},\"image\":{\"@id\":\"https:\/\/akzambak.com.tr\/index.php\/iletisim\/#primaryimage\"},\"thumbnailUrl\":\"https:\/\/akzambak.com.tr\/wp-content\/uploads\/2022\/10\/WhatsApp-Image-2021-08-20-at-08.27.51-2-e1665556417993.jpeg\",\"datePublished\":\"2022-10-12T06:38:27+00:00\",\"dateModified\":\"2022-10-12T06:55:05+00:00\",\"breadcrumb\":{\"@id\":\"https:\/\/akzambak.com.tr\/index.php\/iletisim\/#breadcrumb\"},\"inLanguage\":\"tr\",\"potentialAction\":[{\"@type\":\"ReadAction\",\"target\":[\"https:\/\/akzambak.com.tr\/index.php\/iletisim\/\"]}]},{\"@type\":\"ImageObject\",\"inLanguage\":\"tr\",\"@id\":\"https:\/\/akzambak.com.tr\/index.php\/iletisim\/#primaryimage\",\"url\":\"https:\/\/akzambak.com.tr\/wp-content\/uploads\/2022\/10\/WhatsApp-Image-2021-08-20-at-08.27.51-2-e1665556417993.jpeg\",\"contentUrl\":\"https:\/\/akzambak.com.tr\/wp-content\/uploads\/2022\/10\/WhatsApp-Image-2021-08-20-at-08.27.51-2-e1665556417993.jpeg\",\"width\":1428,\"height\":344},{\"@type\":\"BreadcrumbList\",\"@id\":\"https:\/\/akzambak.com.tr\/index.php\/iletisim\/#breadcrumb\",\"itemListElement\":[{\"@type\":\"ListItem\",\"position\":1,\"name\":\"Anasayfa\",\"item\":\"https:\/\/akzambak.com.tr\/\"},{\"@type\":\"ListItem\",\"position\":2,\"name\":\"\u0130leti\u015fim\"}]},{\"@type\":\"WebSite\",\"@id\":\"https:\/\/akzambak.com.tr\/#website\",\"url\":\"https:\/\/akzambak.com.tr\/\",\"name\":\"Akzambak\",\"description\":\"Bir ba\u015fka WordPress sitesi\",\"potentialAction\":[{\"@type\":\"SearchAction\",\"target\":{\"@type\":\"EntryPoint\",\"urlTemplate\":\"https:\/\/akzambak.com.tr\/?s={search_term_string}\"},\"query-input\":{\"@type\":\"PropertyValueSpecification\",\"valueRequired\":true,\"valueName\":\"search_term_string\"}}],\"inLanguage\":\"tr\"}]}<\/script>\n<!-- \/ Yoast SEO plugin. -->","yoast_head_json":{"title":"\u0130leti\u015fim - Akzambak","robots":{"index":"index","follow":"follow","max-snippet":"max-snippet:-1","max-image-preview":"max-image-preview:large","max-video-preview":"max-video-preview:-1"},"canonical":"https:\/\/akzambak.com.tr\/index.php\/iletisim\/","og_locale":"tr_TR","og_type":"article","og_title":"\u0130leti\u015fim - Akzambak","og_description":"Whatsap 05053855988 akzambakciftligi@gmail.com \u0130bniselim Mah. Bademark\u0131 mevkii 37300 tosya","og_url":"https:\/\/akzambak.com.tr\/index.php\/iletisim\/","og_site_name":"Akzambak","article_modified_time":"2022-10-12T06:55:05+00:00","og_image":[{"width":1428,"height":344,"url":"https:\/\/akzambak.com.tr\/wp-content\/uploads\/2022\/10\/WhatsApp-Image-2021-08-20-at-08.27.51-2-e1665556417993.jpeg","type":"image\/jpeg"}],"twitter_card":"summary_large_image","schema":{"@context":"https:\/\/schema.org","@graph":[{"@type":"WebPage","@id":"https:\/\/akzambak.com.tr\/index.php\/iletisim\/","url":"https:\/\/akzambak.com.tr\/index.php\/iletisim\/","name":"\u0130leti\u015fim - Akzambak","isPartOf":{"@id":"https:\/\/akzambak.com.tr\/#website"},"primaryImageOfPage":{"@id":"https:\/\/akzambak.com.tr\/index.php\/iletisim\/#primaryimage"},"image":{"@id":"https:\/\/akzambak.com.tr\/index.php\/iletisim\/#primaryimage"},"thumbnailUrl":"https:\/\/akzambak.com.tr\/wp-content\/uploads\/2022\/10\/WhatsApp-Image-2021-08-20-at-08.27.51-2-e1665556417993.jpeg","datePublished":"2022-10-12T06:38:27+00:00","dateModified":"2022-10-12T06:55:05+00:00","breadcrumb":{"@id":"https:\/\/akzambak.com.tr\/index.php\/iletisim\/#breadcrumb"},"inLanguage":"tr","potentialAction":[{"@type":"ReadAction","target":["https:\/\/akzambak.com.tr\/index.php\/iletisim\/"]}]},{"@type":"ImageObject","inLanguage":"tr","@id":"https:\/\/akzambak.com.tr\/index.php\/iletisim\/#primaryimage","url":"https:\/\/akzambak.com.tr\/wp-content\/uploads\/2022\/10\/WhatsApp-Image-2021-08-20-at-08.27.51-2-e1665556417993.jpeg","contentUrl":"https:\/\/akzambak.com.tr\/wp-content\/uploads\/2022\/10\/WhatsApp-Image-2021-08-20-at-08.27.51-2-e1665556417993.jpeg","width":1428,"height":344},{"@type":"BreadcrumbList","@id":"https:\/\/akzambak.com.tr\/index.php\/iletisim\/#breadcrumb","itemListElement":[{"@type":"ListItem","position":1,"name":"Anasayfa","item":"https:\/\/akzambak.com.tr\/"},{"@type":"ListItem","position":2,"name":"\u0130leti\u015fim"}]},{"@type":"WebSite","@id":"https:\/\/akzambak.com.tr\/#website","url":"https:\/\/akzambak.com.tr\/","name":"Akzambak","description":"Bir ba\u015fka WordPress sitesi","potentialAction":[{"@type":"SearchAction","target":{"@type":"EntryPoint","urlTemplate":"https:\/\/akzambak.com.tr\/?s={search_term_string}"},"query-input":{"@type":"PropertyValueSpecification","valueRequired":true,"valueName":"search_term_string"}}],"inLanguage":"tr"}]}},"jetpack_sharing_enabled":true,"_links":{"self":[{"href":"https:\/\/akzambak.com.tr\/index.php\/wp-json\/wp\/v2\/pages\/19","targetHints":{"allow":["GET"]}}],"collection":[{"href":"https:\/\/akzambak.com.tr\/index.php\/wp-json\/wp\/v2\/pages"}],"about":[{"href":"https:\/\/akzambak.com.tr\/index.php\/wp-json\/wp\/v2\/types\/page"}],"author":[{"embeddable":true,"href":"https:\/\/akzambak.com.tr\/index.php\/wp-json\/wp\/v2\/users\/2"}],"replies":[{"embeddable":true,"href":"https:\/\/akzambak.com.tr\/index.php\/wp-json\/wp\/v2\/comments?post=19"}],"version-history":[{"count":4,"href":"https:\/\/akzambak.com.tr\/index.php\/wp-json\/wp\/v2\/pages\/19\/revisions"}],"predecessor-version":[{"id":28,"href":"https:\/\/akzambak.com.tr\/index.php\/wp-json\/wp\/v2\/pages\/19\/revisions\/28"}],"wp:featuredmedia":[{"embeddable":true,"href":"https:\/\/akzambak.com.tr\/index.php\/wp-json\/wp\/v2\/media\/8"}],"wp:attachment":[{"href":"https:\/\/akzambak.com.tr\/index.php\/wp-json\/wp\/v2\/media?parent=19"}],"curies":[{"name":"wp","href":"https:\/\/api.w.org\/{rel}","templated":true}]}}