{"id":40,"date":"2023-01-23T08:45:02","date_gmt":"2023-01-23T05:45:02","guid":{"rendered":"https:\/\/akzambak.com.tr\/?page_id=40"},"modified":"2023-01-23T08:47:56","modified_gmt":"2023-01-23T05:47:56","slug":"tosya-pirinci","status":"publish","type":"page","link":"https:\/\/akzambak.com.tr\/index.php\/tosya-pirinci\/","title":{"rendered":"Tosya Pirinci"},"content":{"rendered":"\n<figure class=\"wp-block-image size-large\"><img loading=\"lazy\" decoding=\"async\" width=\"768\" height=\"1024\" src=\"https:\/\/akzambak.com.tr\/wp-content\/uploads\/2023\/01\/sarikilcik-pirinci-768x1024.jpeg\" alt=\"\" class=\"wp-image-41\" srcset=\"https:\/\/akzambak.com.tr\/wp-content\/uploads\/2023\/01\/sarikilcik-pirinci-768x1024.jpeg 768w, https:\/\/akzambak.com.tr\/wp-content\/uploads\/2023\/01\/sarikilcik-pirinci-225x300.jpeg 225w, https:\/\/akzambak.com.tr\/wp-content\/uploads\/2023\/01\/sarikilcik-pirinci-1152x1536.jpeg 1152w, https:\/\/akzambak.com.tr\/wp-content\/uploads\/2023\/01\/sarikilcik-pirinci.jpeg 1200w\" sizes=\"auto, (max-width: 768px) 100vw, 768px\" \/><figcaption class=\"wp-element-caption\"><strong>Sar\u0131k\u0131l\u00e7\u0131k Pirinci<\/strong><\/figcaption><\/figure>\n\n\n\n<figure class=\"wp-block-image size-large\"><img loading=\"lazy\" decoding=\"async\" width=\"768\" height=\"1024\" src=\"https:\/\/akzambak.com.tr\/wp-content\/uploads\/2023\/01\/yasar-pirinci-768x1024.jpeg\" alt=\"\" class=\"wp-image-43\" srcset=\"https:\/\/akzambak.com.tr\/wp-content\/uploads\/2023\/01\/yasar-pirinci-768x1024.jpeg 768w, https:\/\/akzambak.com.tr\/wp-content\/uploads\/2023\/01\/yasar-pirinci-225x300.jpeg 225w, https:\/\/akzambak.com.tr\/wp-content\/uploads\/2023\/01\/yasar-pirinci-1152x1536.jpeg 1152w, https:\/\/akzambak.com.tr\/wp-content\/uploads\/2023\/01\/yasar-pirinci.jpeg 1200w\" sizes=\"auto, (max-width: 768px) 100vw, 768px\" \/><figcaption class=\"wp-element-caption\"><strong>Ya\u015far Pirinci<\/strong><\/figcaption><\/figure>\n\n\n\n<figure class=\"wp-block-image size-large\"><img loading=\"lazy\" decoding=\"async\" width=\"1024\" height=\"768\" src=\"https:\/\/akzambak.com.tr\/wp-content\/uploads\/2023\/01\/osmancik-pirinci-1024x768.jpeg\" alt=\"\" class=\"wp-image-45\" srcset=\"https:\/\/akzambak.com.tr\/wp-content\/uploads\/2023\/01\/osmancik-pirinci-1024x768.jpeg 1024w, https:\/\/akzambak.com.tr\/wp-content\/uploads\/2023\/01\/osmancik-pirinci-300x225.jpeg 300w, https:\/\/akzambak.com.tr\/wp-content\/uploads\/2023\/01\/osmancik-pirinci-768x576.jpeg 768w, https:\/\/akzambak.com.tr\/wp-content\/uploads\/2023\/01\/osmancik-pirinci-1536x1152.jpeg 1536w, https:\/\/akzambak.com.tr\/wp-content\/uploads\/2023\/01\/osmancik-pirinci.jpeg 1600w\" sizes=\"auto, (max-width: 1024px) 100vw, 1024px\" \/><figcaption class=\"wp-element-caption\"><strong>Osmanc\u0131k Pirinci<\/strong><\/figcaption><\/figure>\n\n\n\n<figure class=\"wp-block-image size-large\"><img loading=\"lazy\" decoding=\"async\" width=\"768\" height=\"1024\" src=\"https:\/\/akzambak.com.tr\/wp-content\/uploads\/2023\/01\/cemo-pirinci-768x1024.jpeg\" alt=\"\" class=\"wp-image-47\" srcset=\"https:\/\/akzambak.com.tr\/wp-content\/uploads\/2023\/01\/cemo-pirinci-768x1024.jpeg 768w, https:\/\/akzambak.com.tr\/wp-content\/uploads\/2023\/01\/cemo-pirinci-225x300.jpeg 225w, https:\/\/akzambak.com.tr\/wp-content\/uploads\/2023\/01\/cemo-pirinci-1152x1536.jpeg 1152w, https:\/\/akzambak.com.tr\/wp-content\/uploads\/2023\/01\/cemo-pirinci.jpeg 1200w\" sizes=\"auto, (max-width: 768px) 100vw, 768px\" \/><figcaption class=\"wp-element-caption\"><strong>Cemo Pirinci<\/strong><\/figcaption><\/figure>\n","protected":false},"excerpt":{"rendered":"","protected":false},"author":2,"featured_media":0,"parent":0,"menu_order":0,"comment_status":"closed","ping_status":"closed","template":"","meta":{"footnotes":""},"class_list":["post-40","page","type-page","status-publish","hentry"],"yoast_head":"<!-- This site is optimized with the Yoast SEO plugin v26.2 - https:\/\/yoast.com\/wordpress\/plugins\/seo\/ -->\n<title>Tosya Pirinci - Akzambak<\/title>\n<meta name=\"robots\" content=\"index, follow, max-snippet:-1, max-image-preview:large, max-video-preview:-1\" \/>\n<link rel=\"canonical\" href=\"https:\/\/akzambak.com.tr\/index.php\/tosya-pirinci\/\" \/>\n<meta property=\"og:locale\" content=\"tr_TR\" \/>\n<meta property=\"og:type\" content=\"article\" \/>\n<meta property=\"og:title\" content=\"Tosya Pirinci - Akzambak\" \/>\n<meta property=\"og:url\" content=\"https:\/\/akzambak.com.tr\/index.php\/tosya-pirinci\/\" \/>\n<meta property=\"og:site_name\" content=\"Akzambak\" \/>\n<meta property=\"article:modified_time\" content=\"2023-01-23T05:47:56+00:00\" \/>\n<meta property=\"og:image\" content=\"https:\/\/akzambak.com.tr\/wp-content\/uploads\/2023\/01\/sarikilcik-pirinci-768x1024.jpeg\" \/>\n<meta name=\"twitter:card\" content=\"summary_large_image\" \/>\n<meta name=\"twitter:label1\" content=\"Tahmini okuma s\u00fcresi\" \/>\n\t<meta name=\"twitter:data1\" content=\"1 dakika\" \/>\n<script type=\"application\/ld+json\" class=\"yoast-schema-graph\">{\"@context\":\"https:\/\/schema.org\",\"@graph\":[{\"@type\":\"WebPage\",\"@id\":\"https:\/\/akzambak.com.tr\/index.php\/tosya-pirinci\/\",\"url\":\"https:\/\/akzambak.com.tr\/index.php\/tosya-pirinci\/\",\"name\":\"Tosya Pirinci - Akzambak\",\"isPartOf\":{\"@id\":\"https:\/\/akzambak.com.tr\/#website\"},\"primaryImageOfPage\":{\"@id\":\"https:\/\/akzambak.com.tr\/index.php\/tosya-pirinci\/#primaryimage\"},\"image\":{\"@id\":\"https:\/\/akzambak.com.tr\/index.php\/tosya-pirinci\/#primaryimage\"},\"thumbnailUrl\":\"https:\/\/akzambak.com.tr\/wp-content\/uploads\/2023\/01\/sarikilcik-pirinci-768x1024.jpeg\",\"datePublished\":\"2023-01-23T05:45:02+00:00\",\"dateModified\":\"2023-01-23T05:47:56+00:00\",\"breadcrumb\":{\"@id\":\"https:\/\/akzambak.com.tr\/index.php\/tosya-pirinci\/#breadcrumb\"},\"inLanguage\":\"tr\",\"potentialAction\":[{\"@type\":\"ReadAction\",\"target\":[\"https:\/\/akzambak.com.tr\/index.php\/tosya-pirinci\/\"]}]},{\"@type\":\"ImageObject\",\"inLanguage\":\"tr\",\"@id\":\"https:\/\/akzambak.com.tr\/index.php\/tosya-pirinci\/#primaryimage\",\"url\":\"https:\/\/akzambak.com.tr\/wp-content\/uploads\/2023\/01\/sarikilcik-pirinci.jpeg\",\"contentUrl\":\"https:\/\/akzambak.com.tr\/wp-content\/uploads\/2023\/01\/sarikilcik-pirinci.jpeg\",\"width\":1200,\"height\":1600},{\"@type\":\"BreadcrumbList\",\"@id\":\"https:\/\/akzambak.com.tr\/index.php\/tosya-pirinci\/#breadcrumb\",\"itemListElement\":[{\"@type\":\"ListItem\",\"position\":1,\"name\":\"Anasayfa\",\"item\":\"https:\/\/akzambak.com.tr\/\"},{\"@type\":\"ListItem\",\"position\":2,\"name\":\"Tosya Pirinci\"}]},{\"@type\":\"WebSite\",\"@id\":\"https:\/\/akzambak.com.tr\/#website\",\"url\":\"https:\/\/akzambak.com.tr\/\",\"name\":\"Akzambak\",\"description\":\"Bir ba\u015fka WordPress sitesi\",\"potentialAction\":[{\"@type\":\"SearchAction\",\"target\":{\"@type\":\"EntryPoint\",\"urlTemplate\":\"https:\/\/akzambak.com.tr\/?s={search_term_string}\"},\"query-input\":{\"@type\":\"PropertyValueSpecification\",\"valueRequired\":true,\"valueName\":\"search_term_string\"}}],\"inLanguage\":\"tr\"}]}<\/script>\n<!-- \/ Yoast SEO plugin. -->","yoast_head_json":{"title":"Tosya Pirinci - Akzambak","robots":{"index":"index","follow":"follow","max-snippet":"max-snippet:-1","max-image-preview":"max-image-preview:large","max-video-preview":"max-video-preview:-1"},"canonical":"https:\/\/akzambak.com.tr\/index.php\/tosya-pirinci\/","og_locale":"tr_TR","og_type":"article","og_title":"Tosya Pirinci - Akzambak","og_url":"https:\/\/akzambak.com.tr\/index.php\/tosya-pirinci\/","og_site_name":"Akzambak","article_modified_time":"2023-01-23T05:47:56+00:00","og_image":[{"url":"https:\/\/akzambak.com.tr\/wp-content\/uploads\/2023\/01\/sarikilcik-pirinci-768x1024.jpeg","type":"","width":"","height":""}],"twitter_card":"summary_large_image","twitter_misc":{"Tahmini okuma s\u00fcresi":"1 dakika"},"schema":{"@context":"https:\/\/schema.org","@graph":[{"@type":"WebPage","@id":"https:\/\/akzambak.com.tr\/index.php\/tosya-pirinci\/","url":"https:\/\/akzambak.com.tr\/index.php\/tosya-pirinci\/","name":"Tosya Pirinci - Akzambak","isPartOf":{"@id":"https:\/\/akzambak.com.tr\/#website"},"primaryImageOfPage":{"@id":"https:\/\/akzambak.com.tr\/index.php\/tosya-pirinci\/#primaryimage"},"image":{"@id":"https:\/\/akzambak.com.tr\/index.php\/tosya-pirinci\/#primaryimage"},"thumbnailUrl":"https:\/\/akzambak.com.tr\/wp-content\/uploads\/2023\/01\/sarikilcik-pirinci-768x1024.jpeg","datePublished":"2023-01-23T05:45:02+00:00","dateModified":"2023-01-23T05:47:56+00:00","breadcrumb":{"@id":"https:\/\/akzambak.com.tr\/index.php\/tosya-pirinci\/#breadcrumb"},"inLanguage":"tr","potentialAction":[{"@type":"ReadAction","target":["https:\/\/akzambak.com.tr\/index.php\/tosya-pirinci\/"]}]},{"@type":"ImageObject","inLanguage":"tr","@id":"https:\/\/akzambak.com.tr\/index.php\/tosya-pirinci\/#primaryimage","url":"https:\/\/akzambak.com.tr\/wp-content\/uploads\/2023\/01\/sarikilcik-pirinci.jpeg","contentUrl":"https:\/\/akzambak.com.tr\/wp-content\/uploads\/2023\/01\/sarikilcik-pirinci.jpeg","width":1200,"height":1600},{"@type":"BreadcrumbList","@id":"https:\/\/akzambak.com.tr\/index.php\/tosya-pirinci\/#breadcrumb","itemListElement":[{"@type":"ListItem","position":1,"name":"Anasayfa","item":"https:\/\/akzambak.com.tr\/"},{"@type":"ListItem","position":2,"name":"Tosya Pirinci"}]},{"@type":"WebSite","@id":"https:\/\/akzambak.com.tr\/#website","url":"https:\/\/akzambak.com.tr\/","name":"Akzambak","description":"Bir ba\u015fka WordPress sitesi","potentialAction":[{"@type":"SearchAction","target":{"@type":"EntryPoint","urlTemplate":"https:\/\/akzambak.com.tr\/?s={search_term_string}"},"query-input":{"@type":"PropertyValueSpecification","valueRequired":true,"valueName":"search_term_string"}}],"inLanguage":"tr"}]}},"jetpack_sharing_enabled":true,"_links":{"self":[{"href":"https:\/\/akzambak.com.tr\/index.php\/wp-json\/wp\/v2\/pages\/40","targetHints":{"allow":["GET"]}}],"collection":[{"href":"https:\/\/akzambak.com.tr\/index.php\/wp-json\/wp\/v2\/pages"}],"about":[{"href":"https:\/\/akzambak.com.tr\/index.php\/wp-json\/wp\/v2\/types\/page"}],"author":[{"embeddable":true,"href":"https:\/\/akzambak.com.tr\/index.php\/wp-json\/wp\/v2\/users\/2"}],"replies":[{"embeddable":true,"href":"https:\/\/akzambak.com.tr\/index.php\/wp-json\/wp\/v2\/comments?post=40"}],"version-history":[{"count":3,"href":"https:\/\/akzambak.com.tr\/index.php\/wp-json\/wp\/v2\/pages\/40\/revisions"}],"predecessor-version":[{"id":48,"href":"https:\/\/akzambak.com.tr\/index.php\/wp-json\/wp\/v2\/pages\/40\/revisions\/48"}],"wp:attachment":[{"href":"https:\/\/akzambak.com.tr\/index.php\/wp-json\/wp\/v2\/media?parent=40"}],"curies":[{"name":"wp","href":"https:\/\/api.w.org\/{rel}","templated":true}]}}